{"id":100,"date":"2022-03-25T11:19:02","date_gmt":"2022-03-25T11:19:02","guid":{"rendered":"https:\/\/alandalusia.org\/esuna\/?page_id=100"},"modified":"2026-03-21T22:23:26","modified_gmt":"2026-03-21T22:23:26","slug":"sobre-esuna","status":"publish","type":"page","link":"https:\/\/esuna.alandalusia.es\/en\/sobre-esuna\/","title":{"rendered":"Sobre ESUNA"},"content":{"rendered":"<div class=\"et_pb_section_0 et_pb_section et_section_regular et_block_section\"><div class=\"et_pb_row_0 et_pb_row et_block_row\"><div class=\"et_pb_column_0 et_pb_column et_pb_column_4_4 et-last-child et_block_column et_pb_css_mix_blend_mode_passthrough\"><div class=\"et_pb_text_0 et_pb_text et_pb_bg_layout_dark et_pb_module et_block_module\"><div class=\"et_pb_text_inner\"><h1>Sobre ESUNA<\/h1>\n<p><span>Nada honra ni empodera m\u00e1s que el verdadero conocimiento.<\/span><\/p>\n<\/div><\/div><\/div><\/div><\/div><div class=\"et_pb_section_1 et_pb_section et_section_regular et_block_section\"><div class=\"et_pb_row_1 et_pb_row et_block_row\"><div class=\"et_pb_column_1 et_pb_column et_pb_column_1_2 et_block_column et_pb_css_mix_blend_mode_passthrough\"><div class=\"et_pb_text_1 et_pb_text et_pb_bg_layout_light et_pb_module et_block_module\"><div class=\"et_pb_text_inner\"><h2>\u00bfQU\u00c9 ES ESUNA?<\/h2>\n<\/div><\/div><div class=\"et_pb_text_2 et_pb_text et_pb_bg_layout_light et_pb_module et_block_module\"><div class=\"et_pb_text_inner\"><h3>Estudiantes Universitarios<br \/>Al-Andalusia<\/h3>\n<\/div><\/div><div class=\"et_pb_image_0 et_pb_image et_animated et_pb_module et_block_module\"><span class=\"et_pb_image_wrap\"><img loading=\"lazy\" decoding=\"async\" src=\"https:\/\/esuna.alandalusia.es\/wp-content\/uploads\/sites\/5\/2022\/03\/cropped-LOGO-ESUNA-Estudiantes-Universitarios-Al-Andalusia-png.png\" width=\"512\" height=\"512\" srcset=\"https:\/\/esuna.alandalusia.es\/wp-content\/uploads\/sites\/5\/2022\/03\/cropped-LOGO-ESUNA-Estudiantes-Universitarios-Al-Andalusia-png.png 512w, https:\/\/esuna.alandalusia.es\/wp-content\/uploads\/sites\/5\/2022\/03\/cropped-LOGO-ESUNA-Estudiantes-Universitarios-Al-Andalusia-png-480x480.png 480w\" sizes=\"(min-width: 0px) and (max-width: 480px) 480px, (min-width: 481px) 512px, 100vw\" class=\"wp-image-113\" title=\"cropped-LOGO-ESUNA-Estudiantes-Universitarios-Al-Andalusia-png.png\" \/><\/span><\/div><div class=\"et_pb_text_3 et_pb_text et_pb_bg_layout_light et_pb_module et_block_module et_pb_text_align_justified\"><div class=\"et_pb_text_inner\"><p>En los \u00faltimos a\u00f1os Al-Andalusia ha realizado una serie de grandes esfuerzos para apoyar la educaci\u00f3n, con un conjunto de materiales educativos que pretenden contribuir en la formaci\u00f3n de una generaci\u00f3n capaz de poner en pr\u00e1ctica todo lo aprendido.<br \/>Ahora con la ayuda de un gran equipo y metodolog\u00edas innovadoras surge un nuevo proyecto denominado Estudiantes Universitarios Al-Andalusia (ESUNA) que busca promover la educaci\u00f3n superior en la comunidad joven, ayudar a fomentar el desarrollo acad\u00e9mico local, regional y nacional y a prevenir conflictos sociales asociados a la exclusi\u00f3n.<br \/>A trav\u00e9s de este gran espacio, se realizar\u00e1n programas que brindaran asesoramiento e informaci\u00f3n sobre la educaci\u00f3n superior que aumentaran la conciencia y las expectativas, eliminando barreras y creando caminos.<\/p>\n<\/div><\/div><\/div><div class=\"et_pb_column_2 et_pb_column et_pb_column_1_2 et-last-child et_block_column et_pb_css_mix_blend_mode_passthrough\"><div class=\"et_pb_image_1 et_pb_image et_animated et_pb_module et_block_module\"><span class=\"et_pb_image_wrap\"><img loading=\"lazy\" decoding=\"async\" src=\"https:\/\/esuna.alandalusia.es\/wp-content\/uploads\/sites\/5\/2022\/03\/cropped-LOGO-ESUNA-Estudiantes-Universitarios-Al-Andalusia-png.png\" width=\"512\" height=\"512\" srcset=\"https:\/\/esuna.alandalusia.es\/wp-content\/uploads\/sites\/5\/2022\/03\/cropped-LOGO-ESUNA-Estudiantes-Universitarios-Al-Andalusia-png.png 512w, https:\/\/esuna.alandalusia.es\/wp-content\/uploads\/sites\/5\/2022\/03\/cropped-LOGO-ESUNA-Estudiantes-Universitarios-Al-Andalusia-png-480x480.png 480w\" sizes=\"(min-width: 0px) and (max-width: 480px) 480px, (min-width: 481px) 512px, 100vw\" class=\"wp-image-113\" title=\"cropped-LOGO-ESUNA-Estudiantes-Universitarios-Al-Andalusia-png.png\" \/><\/span><\/div><\/div><\/div><div class=\"et_pb_row_2 et_pb_row et_pb_row_4col et_block_row et_block_row_4col\"><div class=\"et_pb_column_3 et_pb_column et_pb_column_1_4 et_block_column et_pb_css_mix_blend_mode_passthrough\"><div class=\"et_pb_number_counter_0 et_pb_number_counter et_pb_bg_layout_light et_pb_text_align_center et_pb_with_title et_animated et_pb_module et_block_module\"><div class=\"percent\"><p><span class=\"percent-value\"><\/span><span class=\"percent-sign\"><\/span><\/p><\/div><h3 class=\"title\">Years in The Business<\/h3><\/div><\/div><div class=\"et_pb_column_4 et_pb_column et_pb_column_1_4 et_block_column et_pb_css_mix_blend_mode_passthrough\"><div class=\"et_pb_number_counter_1 et_pb_number_counter et_pb_bg_layout_light et_pb_text_align_center et_pb_with_title et_animated et_pb_module et_block_module\"><div class=\"percent\"><p><span class=\"percent-value\"><\/span><span class=\"percent-sign\"><\/span><\/p><\/div><h3 class=\"title\">Happy Students<\/h3><\/div><\/div><div class=\"et_pb_column_5 et_pb_column et_pb_column_1_4 et_block_column et_pb_css_mix_blend_mode_passthrough\"><div class=\"et_pb_number_counter_2 et_pb_number_counter et_pb_bg_layout_light et_pb_text_align_center et_pb_with_title et_animated et_pb_module et_block_module\"><div class=\"percent\"><p><span class=\"percent-value\"><\/span><span class=\"percent-sign\"><\/span><\/p><\/div><h3 class=\"title\">Offered Courses<\/h3><\/div><\/div><div class=\"et_pb_column_6 et_pb_column et_pb_column_1_4 et-last-child et_block_column et_pb_css_mix_blend_mode_passthrough\"><div class=\"et_pb_number_counter_3 et_pb_number_counter et_pb_bg_layout_light et_pb_text_align_center et_pb_with_title et_animated et_pb_module et_block_module\"><div class=\"percent\"><p><span class=\"percent-value\"><\/span><span class=\"percent-sign\"><\/span><\/p><\/div><h3 class=\"title\">Studio Locations<\/h3><\/div><\/div><\/div><\/div><div class=\"et_pb_section_2 et_pb_section et_section_regular et_block_section\"><div class=\"et_pb_row_3 et_pb_row et_block_row\"><div class=\"et_pb_column_7 et_pb_column et_pb_column_4_4 et-last-child et_block_column et_pb_css_mix_blend_mode_passthrough\"><div class=\"et_pb_text_4 et_pb_text et_pb_bg_layout_light et_pb_module et_block_module et_pb_text_align_center\"><div class=\"et_pb_text_inner\"><h2>Our Services<\/h2>\n<\/div><\/div><div class=\"et_pb_text_5 et_pb_text et_pb_bg_layout_light et_pb_module et_block_module et_pb_text_align_center\"><div class=\"et_pb_text_inner\"><h3>We Specialize In<\/h3>\n<\/div><\/div><\/div><\/div><div class=\"et_pb_row_4 et_pb_row et_pb_gutters2 et_block_row\"><div class=\"et_pb_column_8 et_pb_column et_pb_column_1_3 et_block_column et_pb_css_mix_blend_mode_passthrough\"><div class=\"et_pb_blurb_0 et_pb_blurb et_pb_bg_layout_light et_pb_blurb_position_top et_animated et_pb_module et_block_module\"><div class=\"et_pb_blurb_content\"><div class=\"et_pb_main_blurb_image\"><span class=\"et_pb_image_wrap et_pb_only_image_mode_wrap\"><img loading=\"lazy\" decoding=\"async\" src=\"https:\/\/esuna.alandalusia.es\/wp-content\/uploads\/sites\/5\/2022\/03\/yoga-09.png\" width=\"80\" height=\"80\" sizes=\"(max-width: 80px) 100vw, 80px\" class=\"et-waypoint et_pb_animation_off et_pb_animation_off_tablet et_pb_animation_off_phone wp-image-61\" \/><\/span><\/div><div class=\"et_pb_blurb_container\"><h4 class=\"et_pb_module_header\">Re-Engergizing<\/h4><div class=\"et_pb_blurb_description\"><p>Perspiciatis unde omnis iste natus sit voluptatem accusantium doloremque laudantium, totam rem.<\/p>\n<\/div><\/div><\/div><\/div><\/div><div class=\"et_pb_column_9 et_pb_column et_pb_column_1_3 et_block_column et_pb_css_mix_blend_mode_passthrough\"><div class=\"et_pb_blurb_1 et_pb_blurb et_pb_bg_layout_light et_pb_blurb_position_top et_animated et_pb_module et_block_module\"><div class=\"et_pb_blurb_content\"><div class=\"et_pb_main_blurb_image\"><span class=\"et_pb_image_wrap et_pb_only_image_mode_wrap\"><img decoding=\"async\" src=\"https:\/\/esuna.alandalusia.es\/wp-content\/uploads\/sites\/5\/2022\/03\/yoga-10-1.png\" class=\"et-waypoint et_pb_animation_off et_pb_animation_off_tablet et_pb_animation_off_phone\" \/><\/span><\/div><div class=\"et_pb_blurb_container\"><h4 class=\"et_pb_module_header\">Mind & Body<\/h4><div class=\"et_pb_blurb_description\"><p>Perspiciatis unde omnis iste natus sit voluptatem accusantium doloremque laudantium, totam rem.<\/p>\n<\/div><\/div><\/div><\/div><\/div><div class=\"et_pb_column_10 et_pb_column et_pb_column_1_3 et-last-child et_block_column et_pb_css_mix_blend_mode_passthrough\"><div class=\"et_pb_blurb_2 et_pb_blurb et_pb_bg_layout_light et_pb_blurb_position_top et_animated et_pb_module et_block_module\"><div class=\"et_pb_blurb_content\"><div class=\"et_pb_main_blurb_image\"><span class=\"et_pb_image_wrap et_pb_only_image_mode_wrap\"><img decoding=\"async\" src=\"https:\/\/esuna.alandalusia.es\/wp-content\/uploads\/sites\/5\/2022\/03\/yoga-11-1.png\" class=\"et-waypoint et_pb_animation_off et_pb_animation_off_tablet et_pb_animation_off_phone\" \/><\/span><\/div><div class=\"et_pb_blurb_container\"><h4 class=\"et_pb_module_header\">Relaxation<\/h4><div class=\"et_pb_blurb_description\"><p>Perspiciatis unde omnis iste natus sit voluptatem accusantium doloremque laudantium, totam rem.<\/p>\n<\/div><\/div><\/div><\/div><\/div><\/div><div class=\"et_pb_row_5 et_pb_row et_pb_gutters2 et_block_row\"><div class=\"et_pb_column_11 et_pb_column et_pb_column_1_3 et_block_column et_pb_css_mix_blend_mode_passthrough\"><div class=\"et_pb_blurb_3 et_pb_blurb et_pb_bg_layout_light et_pb_blurb_position_top et_animated et_pb_module et_block_module\"><div class=\"et_pb_blurb_content\"><div class=\"et_pb_main_blurb_image\"><span class=\"et_pb_image_wrap et_pb_only_image_mode_wrap\"><img decoding=\"async\" src=\"https:\/\/esuna.alandalusia.es\/wp-content\/uploads\/sites\/5\/2022\/03\/yoga-12-1.png\" class=\"et-waypoint et_pb_animation_off et_pb_animation_off_tablet et_pb_animation_off_phone\" \/><\/span><\/div><div class=\"et_pb_blurb_container\"><h4 class=\"et_pb_module_header\">Strength Building<\/h4><div class=\"et_pb_blurb_description\"><p>Perspiciatis unde omnis iste natus sit voluptatem accusantium doloremque laudantium, totam rem.<\/p>\n<\/div><\/div><\/div><\/div><\/div><div class=\"et_pb_column_12 et_pb_column et_pb_column_1_3 et_block_column et_pb_css_mix_blend_mode_passthrough\"><div class=\"et_pb_blurb_4 et_pb_blurb et_pb_bg_layout_light et_pb_blurb_position_top et_animated et_pb_module et_block_module\"><div class=\"et_pb_blurb_content\"><div class=\"et_pb_main_blurb_image\"><span class=\"et_pb_image_wrap et_pb_only_image_mode_wrap\"><img loading=\"lazy\" decoding=\"async\" src=\"https:\/\/esuna.alandalusia.es\/wp-content\/uploads\/sites\/5\/2022\/03\/yoga-13.png\" width=\"80\" height=\"80\" sizes=\"(max-width: 80px) 100vw, 80px\" class=\"et-waypoint et_pb_animation_off et_pb_animation_off_tablet et_pb_animation_off_phone wp-image-63\" \/><\/span><\/div><div class=\"et_pb_blurb_container\"><h4 class=\"et_pb_module_header\">Stress Releif<\/h4><div class=\"et_pb_blurb_description\"><p>Perspiciatis unde omnis iste natus sit voluptatem accusantium doloremque laudantium, totam rem.<\/p>\n<\/div><\/div><\/div><\/div><\/div><div class=\"et_pb_column_13 et_pb_column et_pb_column_1_3 et-last-child et_block_column et_pb_css_mix_blend_mode_passthrough\"><div class=\"et_pb_blurb_5 et_pb_blurb et_pb_bg_layout_light et_pb_blurb_position_top et_animated et_pb_module et_block_module\"><div class=\"et_pb_blurb_content\"><div class=\"et_pb_main_blurb_image\"><span class=\"et_pb_image_wrap et_pb_only_image_mode_wrap\"><img decoding=\"async\" src=\"https:\/\/esuna.alandalusia.es\/wp-content\/uploads\/sites\/5\/2022\/03\/yoga-08-1.png\" class=\"et-waypoint et_pb_animation_off et_pb_animation_off_tablet et_pb_animation_off_phone\" \/><\/span><\/div><div class=\"et_pb_blurb_container\"><h4 class=\"et_pb_module_header\">Body Transform<\/h4><div class=\"et_pb_blurb_description\"><p>Perspiciatis unde omnis iste natus sit voluptatem accusantium doloremque laudantium, totam rem.<\/p>\n<\/div><\/div><\/div><\/div><\/div><\/div><\/div><div class=\"et_pb_section_3 et_pb_section et_section_regular et_block_section\"><div class=\"et_pb_row_6 et_pb_row et_block_row\"><div class=\"et_pb_column_14 et_pb_column et_pb_column_4_4 et-last-child et_block_column et_pb_css_mix_blend_mode_passthrough\"><div class=\"et_pb_text_6 et_pb_text et_pb_bg_layout_dark et_pb_module et_block_module et_pb_text_align_center\"><div class=\"et_pb_text_inner\"><h3>Necesidad de un proyecto como ESUNA<\/h3>\n<\/div><\/div><\/div><\/div><div class=\"et_pb_row_7 et_pb_row et_block_row\"><div class=\"et_pb_column_15 et_pb_column et_pb_column_4_4 et-last-child et_block_column et_pb_css_mix_blend_mode_passthrough\"><div class=\"et_pb_text_7 et_pb_text et_pb_bg_layout_dark et_pb_module et_block_module et_pb_text_align_justified\"><div class=\"et_pb_text_inner\"><p>La educaci\u00f3n es necesaria en todos los sentidos, es el medio que nos brinda las habilidades, informaci\u00f3n y conocimiento para comprender y respetar los deberes que tenemos con nuestra sociedad. La educaci\u00f3n enriquece la cultura, los valores y todo aquello que nos caracteriza como seres humanos.<br \/>Por eso surge un proyecto como ESUNA con la necesidad de ofrecer a las generaciones presentes y venideras una visi\u00f3n ampliada de la educaci\u00f3n superior y un renovado compromiso en favor de ella. Comprender mejor a aquellos que no est\u00e1n en la educaci\u00f3n y aquellos que est\u00e1n en sectores m\u00e1s desfavorecidos de la poblaci\u00f3n, localizarlos y brindarles nuestro apoyo y nuestra ayuda para que puedan tener un futuro mejor.<\/p>\n<\/div><\/div><\/div><\/div><div class=\"et_pb_row_8 et_pb_row et_block_row\"><div class=\"et_pb_column_16 et_pb_column et_pb_column_1_2 et_block_column et_pb_css_mix_blend_mode_passthrough\"><div class=\"et_pb_module et_pb_button_module_wrapper et_pb_button_0_wrapper\"><a class=\"et_pb_button_0 et_pb_button et_pb_bg_layout_dark et_pb_module et_block_module\" href=\"https:\/\/forms.gle\/o9ikc8RSYcSNRcSB7\">Solicitar mentoring<\/a><\/div><\/div><div class=\"et_pb_column_17 et_pb_column et_pb_column_1_2 et-last-child et_block_column et_pb_css_mix_blend_mode_passthrough\"><div class=\"et_pb_module et_pb_button_module_wrapper et_pb_button_1_wrapper\"><a class=\"et_pb_button_1 et_pb_button et_pb_bg_layout_dark et_pb_module et_block_module\" href=\"https:\/\/esuna.alandalusia.es\/en\/#voluntariado\">voluntariado<\/a><\/div><\/div><\/div><\/div>","protected":false},"excerpt":{"rendered":"","protected":false},"author":2,"featured_media":0,"parent":0,"menu_order":0,"comment_status":"closed","ping_status":"closed","template":"","meta":{"footnotes":""},"class_list":["post-100","page","type-page","status-publish","hentry"],"_links":{"self":[{"href":"https:\/\/esuna.alandalusia.es\/en\/wp-json\/wp\/v2\/pages\/100","targetHints":{"allow":["GET"]}}],"collection":[{"href":"https:\/\/esuna.alandalusia.es\/en\/wp-json\/wp\/v2\/pages"}],"about":[{"href":"https:\/\/esuna.alandalusia.es\/en\/wp-json\/wp\/v2\/types\/page"}],"author":[{"embeddable":true,"href":"https:\/\/esuna.alandalusia.es\/en\/wp-json\/wp\/v2\/users\/2"}],"replies":[{"embeddable":true,"href":"https:\/\/esuna.alandalusia.es\/en\/wp-json\/wp\/v2\/comments?post=100"}],"version-history":[{"count":1,"href":"https:\/\/esuna.alandalusia.es\/en\/wp-json\/wp\/v2\/pages\/100\/revisions"}],"predecessor-version":[{"id":307,"href":"https:\/\/esuna.alandalusia.es\/en\/wp-json\/wp\/v2\/pages\/100\/revisions\/307"}],"wp:attachment":[{"href":"https:\/\/esuna.alandalusia.es\/en\/wp-json\/wp\/v2\/media?parent=100"}],"curies":[{"name":"wp","href":"https:\/\/api.w.org\/{rel}","templated":true}]}}