{"id":104,"date":"2022-03-25T11:21:58","date_gmt":"2022-03-25T11:21:58","guid":{"rendered":"https:\/\/alandalusia.org\/esuna\/?page_id=104"},"modified":"2026-03-21T22:23:26","modified_gmt":"2026-03-21T22:23:26","slug":"nuestros-objetivos","status":"publish","type":"page","link":"https:\/\/esuna.alandalusia.es\/en\/nuestros-objetivos\/","title":{"rendered":"Nuestros Objetivos"},"content":{"rendered":"<div class=\"et_pb_section_0 et_pb_section et_section_regular et_block_section\"><div class=\"et_pb_row_0 et_pb_row et_block_row\"><div class=\"et_pb_column_0 et_pb_column et_pb_column_4_4 et-last-child et_block_column et_pb_css_mix_blend_mode_passthrough\"><div class=\"et_pb_text_0 et_pb_text et_pb_bg_layout_dark et_pb_module et_block_module et_pb_text_align_justified\"><div class=\"et_pb_text_inner\"><h1>Objetivos de ESUNA<\/h1>\n<p>Con estos objetivos buscamos promover la educaci\u00f3n superior en la comunidad joven, ayudar a fomentar el desarrollo acad\u00e9mico local, regional y nacional y a prevenir conflictos sociales asociados a la exclusi\u00f3n.<\/p>\n<\/div><\/div><\/div><\/div><\/div><div class=\"et_pb_section_1 et_pb_section et_section_regular et_block_section\"><div class=\"et_pb_row_1 et_pb_row et_block_row\"><div class=\"et_pb_column_1 et_pb_column et_pb_column_4_4 et-last-child et_block_column et_pb_css_mix_blend_mode_passthrough\"><div class=\"et_pb_text_1 et_pb_text et_pb_bg_layout_light et_pb_module et_block_module et_pb_text_align_center\"><div class=\"et_pb_text_inner\"><h3>Nuestros Objetivos<\/h3>\n<\/div><\/div><\/div><\/div><div class=\"et_pb_row_2 et_pb_row et_block_row\"><div class=\"et_pb_column_2 et_pb_column et_pb_column_1_3 et_block_column et_pb_css_mix_blend_mode_passthrough\"><div class=\"et_pb_blurb_0 et_pb_blurb et_pb_bg_layout_light et_pb_blurb_position_top et_animated et_pb_module et_block_module\"><div class=\"et_pb_blurb_content\"><div class=\"et_pb_main_blurb_image\"><span class=\"et_pb_image_wrap\"><span class=\"et-pb-icon et-waypoint et_pb_animation_off et_pb_animation_off_tablet et_pb_animation_off_phone\">\uf501<\/span><\/span><\/div><div class=\"et_pb_blurb_container\"><h4 class=\"et_pb_module_header\">Fomentar en j\u00f3venes musulmanes y en riesgo de exclusi\u00f3n social, el acceso a estudios superiores.<\/h4><\/div><\/div><\/div><div class=\"et_pb_blurb_1 et_pb_blurb et_pb_bg_layout_light et_pb_blurb_position_top et_animated et_pb_module et_block_module\"><div class=\"et_pb_blurb_content\"><div class=\"et_pb_main_blurb_image\"><span class=\"et_pb_image_wrap\"><span class=\"et-pb-icon et-waypoint et_pb_animation_off et_pb_animation_off_tablet et_pb_animation_off_phone\">\uf518<\/span><\/span><\/div><div class=\"et_pb_blurb_container\"><h4 class=\"et_pb_module_header\">Ofrecer asesoramiento y mentoring a los estudiantes durante su etapa de aprendizaje.<\/h4><\/div><\/div><\/div><div class=\"et_pb_blurb_2 et_pb_blurb et_pb_bg_layout_light et_pb_blurb_position_top et_animated et_pb_module et_block_module\"><div class=\"et_pb_blurb_content\"><div class=\"et_pb_main_blurb_image\"><span class=\"et_pb_image_wrap\"><span class=\"et-pb-icon et-waypoint et_pb_animation_off et_pb_animation_off_tablet et_pb_animation_off_phone\">\ue0e9<\/span><\/span><\/div><div class=\"et_pb_blurb_container\"><h4 class=\"et_pb_module_header\">Recopilar datos para redactar y publicar informes, estudios y estad\u00edsticas fidedignas.<\/h4><\/div><\/div><\/div><\/div><div class=\"et_pb_column_3 et_pb_column et_pb_column_1_3 et_block_column et_pb_css_mix_blend_mode_passthrough\"><div class=\"et_pb_image_0 et_pb_image et_animated et_pb_module et_block_module\"><span class=\"et_pb_image_wrap\"><img loading=\"lazy\" decoding=\"async\" src=\"https:\/\/esuna.alandalusia.es\/wp-content\/uploads\/sites\/5\/2022\/03\/LOGO-ESUNA-Estudiantes-Universitarios-Al-Andalusia-png.png\" width=\"1920\" height=\"1920\" srcset=\"https:\/\/esuna.alandalusia.es\/wp-content\/uploads\/sites\/5\/2022\/03\/LOGO-ESUNA-Estudiantes-Universitarios-Al-Andalusia-png.png 1920w, https:\/\/esuna.alandalusia.es\/wp-content\/uploads\/sites\/5\/2022\/03\/LOGO-ESUNA-Estudiantes-Universitarios-Al-Andalusia-png-1280x1280.png 1280w, https:\/\/esuna.alandalusia.es\/wp-content\/uploads\/sites\/5\/2022\/03\/LOGO-ESUNA-Estudiantes-Universitarios-Al-Andalusia-png-980x980.png 980w, https:\/\/esuna.alandalusia.es\/wp-content\/uploads\/sites\/5\/2022\/03\/LOGO-ESUNA-Estudiantes-Universitarios-Al-Andalusia-png-480x480.png 480w\" sizes=\"(min-width: 0px) and (max-width: 480px) 480px, (min-width: 481px) and (max-width: 980px) 980px, (min-width: 981px) and (max-width: 1280px) 1280px, (min-width: 1281px) 1920px, 100vw\" class=\"wp-image-89\" title=\"LOGO ESUNA Estudiantes Universitarios Al-Andalusia png\" \/><\/span><\/div><\/div><div class=\"et_pb_column_4 et_pb_column et_pb_column_1_3 et-last-child et_block_column et_pb_css_mix_blend_mode_passthrough\"><div class=\"et_pb_blurb_3 et_pb_blurb et_pb_bg_layout_light et_pb_blurb_position_top et_animated et_pb_module et_block_module\"><div class=\"et_pb_blurb_content\"><div class=\"et_pb_main_blurb_image\"><span class=\"et_pb_image_wrap\"><span class=\"et-pb-icon et-waypoint et_pb_animation_off et_pb_animation_off_tablet et_pb_animation_off_phone\">\uf19c<\/span><\/span><\/div><div class=\"et_pb_blurb_container\"><h4 class=\"et_pb_module_header\">Ofrecer asesoramiento y crear v\u00ednculos de trabajo entre las instituciones y las comunidades.<\/h4><\/div><\/div><\/div><div class=\"et_pb_blurb_4 et_pb_blurb et_pb_bg_layout_light et_pb_blurb_position_top et_animated et_pb_module et_block_module\"><div class=\"et_pb_blurb_content\"><div class=\"et_pb_main_blurb_image\"><span class=\"et_pb_image_wrap\"><span class=\"et-pb-icon et-waypoint et_pb_animation_off et_pb_animation_off_tablet et_pb_animation_off_phone\">\uf24e<\/span><\/span><\/div><div class=\"et_pb_blurb_container\"><h4 class=\"et_pb_module_header\">Defender los derechos de los estudiantes musulmanes y aquellos en  riesgo de exclusi\u00f3n social durante su etapa de aprendizaje.<\/h4><\/div><\/div><\/div><div class=\"et_pb_blurb_5 et_pb_blurb et_pb_bg_layout_light et_pb_blurb_position_top et_animated et_pb_module et_block_module\"><div class=\"et_pb_blurb_content\"><div class=\"et_pb_main_blurb_image\"><span class=\"et_pb_image_wrap\"><span class=\"et-pb-icon et-waypoint et_pb_animation_off et_pb_animation_off_tablet et_pb_animation_off_phone\">\uf1e3<\/span><\/span><\/div><div class=\"et_pb_blurb_container\"><h4 class=\"et_pb_module_header\">Fomentar el deporte y ocio saludable entre los j\u00f3venes para crear comunidad y evitar la exclusi\u00f3n social.<\/h4><\/div><\/div><\/div><\/div><\/div><\/div>","protected":false},"excerpt":{"rendered":"","protected":false},"author":2,"featured_media":0,"parent":0,"menu_order":0,"comment_status":"closed","ping_status":"closed","template":"","meta":{"footnotes":""},"class_list":["post-104","page","type-page","status-publish","hentry"],"_links":{"self":[{"href":"https:\/\/esuna.alandalusia.es\/en\/wp-json\/wp\/v2\/pages\/104","targetHints":{"allow":["GET"]}}],"collection":[{"href":"https:\/\/esuna.alandalusia.es\/en\/wp-json\/wp\/v2\/pages"}],"about":[{"href":"https:\/\/esuna.alandalusia.es\/en\/wp-json\/wp\/v2\/types\/page"}],"author":[{"embeddable":true,"href":"https:\/\/esuna.alandalusia.es\/en\/wp-json\/wp\/v2\/users\/2"}],"replies":[{"embeddable":true,"href":"https:\/\/esuna.alandalusia.es\/en\/wp-json\/wp\/v2\/comments?post=104"}],"version-history":[{"count":1,"href":"https:\/\/esuna.alandalusia.es\/en\/wp-json\/wp\/v2\/pages\/104\/revisions"}],"predecessor-version":[{"id":308,"href":"https:\/\/esuna.alandalusia.es\/en\/wp-json\/wp\/v2\/pages\/104\/revisions\/308"}],"wp:attachment":[{"href":"https:\/\/esuna.alandalusia.es\/en\/wp-json\/wp\/v2\/media?parent=104"}],"curies":[{"name":"wp","href":"https:\/\/api.w.org\/{rel}","templated":true}]}}