{"id":108,"date":"2022-03-25T11:25:40","date_gmt":"2022-03-25T11:25:40","guid":{"rendered":"https:\/\/alandalusia.org\/esuna\/?page_id=108"},"modified":"2026-03-21T22:23:26","modified_gmt":"2026-03-21T22:23:26","slug":"nuestro-equipo","status":"publish","type":"page","link":"https:\/\/esuna.alandalusia.es\/en\/nuestro-equipo\/","title":{"rendered":"Nuestro Equipo"},"content":{"rendered":"<div class=\"et_pb_section_0 et_pb_section et_section_regular et_block_section\"><div class=\"et_pb_row_0 et_pb_row et_block_row\"><div class=\"et_pb_column_0 et_pb_column et_pb_column_4_4 et-last-child et_block_column et_pb_css_mix_blend_mode_passthrough\"><div class=\"et_pb_text_0 et_pb_text et_pb_bg_layout_dark et_pb_module et_block_module et_pb_text_align_justified\"><div class=\"et_pb_text_inner\"><h1>Nuestro Equipo<\/h1>\n<p>Para la realizaci\u00f3n de todas las actividades y eventos de este proyecto, disponemos de un gran equipo de expertos especializado en todos los \u00e1mbitos con una gran experiencia, implicaci\u00f3n y vocaci\u00f3n.<\/p>\n<\/div><\/div><\/div><\/div><\/div><div class=\"et_pb_section_1 et_pb_section et_section_regular et_block_section\"><div class=\"et_pb_row_1 et_pb_row et_block_row\"><div class=\"et_pb_column_1 et_pb_column et_pb_column_4_4 et-last-child et_block_column et_pb_css_mix_blend_mode_passthrough\"><div class=\"et_pb_text_1 et_pb_text et_pb_bg_layout_light et_pb_module et_block_module et_pb_text_align_center\"><div class=\"et_pb_text_inner\"><h2>Seg\u00fan la rama de conocimiento<\/h2>\n<h2><\/h2>\n<\/div><\/div><div class=\"et_pb_text_2 et_pb_text et_pb_bg_layout_light et_pb_module et_block_module et_pb_text_align_center\"><div class=\"et_pb_text_inner\"><h3>Artes y Humanidades<\/h3>\n<\/div><\/div><\/div><\/div><div class=\"et_pb_row_2 et_pb_row et_pb_row_1-4_3-4 et_block_row et_block_row_1-4_3-4 et_animated\"><div class=\"et_pb_column_2 et_pb_column et_pb_column_1_4 et_block_column et_pb_css_mix_blend_mode_passthrough\"><div class=\"et_pb_image_0 et_pb_image et_pb_module et_block_module\"><span class=\"et_pb_image_wrap\"><img loading=\"lazy\" decoding=\"async\" src=\"https:\/\/esuna.alandalusia.es\/wp-content\/uploads\/sites\/5\/2022\/03\/Mohamamd-Idrissi-esuna.jpg\" width=\"784\" height=\"790\" srcset=\"https:\/\/esuna.alandalusia.es\/wp-content\/uploads\/sites\/5\/2022\/03\/Mohamamd-Idrissi-esuna.jpg 784w, https:\/\/esuna.alandalusia.es\/wp-content\/uploads\/sites\/5\/2022\/03\/Mohamamd-Idrissi-esuna-480x484.jpg 480w\" sizes=\"(min-width: 0px) and (max-width: 480px) 480px, (min-width: 481px) 784px, 100vw\" class=\"wp-image-223\" title=\"Mohamamd Idrissi esuna\" alt=\"Mohamamd Idrissi esuna\" \/><\/span><\/div><div class=\"et_pb_text_3 et_pb_text et_pb_bg_layout_light et_pb_module et_block_module et_pb_text_align_center\"><div class=\"et_pb_text_inner\"><h4 class=\"et_pb_module_header et-fb-editable-element et-fb-editable-element__editing\" data-shortcode-id=\"3.1.0.0-1648260185297\" data-quickaccess-id=\"header\" contenteditable=\"true\">Sh. Mohammad Idrissi<\/h4>\n<\/div><\/div><\/div><div class=\"et_pb_column_3 et_pb_column et_pb_column_3_4 et-last-child et_block_column et_pb_css_mix_blend_mode_passthrough\"><div class=\"et_pb_text_4 et_pb_text et_pb_bg_layout_light et_pb_module et_block_module et_pb_text_align_justified\"><div class=\"et_pb_text_inner\"><h3>Teolog\u00eda<\/h3>\n<p>La Teolog\u00eda es una ciencia, y como tal tiene fundamentos y m\u00e9todos de investigaci\u00f3n. Es una carrera que ense\u00f1a a desmenuzar inc\u00f3gnitas que el ser humano tiene con respecto a la fe, a las formas en que Dios se ha manifestado. Adem\u00e1s durante la cursada se les brinda a los estudiantes la posibilidad de tener una actitud cr\u00edtica con respecto a sus creencias. Es una profesi\u00f3n muy particular que apunta a personas que se interesen en este tema y que realmente les apasione la cuesti\u00f3n filos\u00f3fica de la religi\u00f3n o de aquello que muchas veces no se puede ver o tocar.<\/p>\n<\/div><\/div><\/div><\/div><div class=\"et_pb_row_3 et_pb_row et_pb_row_1-4_3-4 et_block_row et_block_row_1-4_3-4 et_animated\"><div class=\"et_pb_column_4 et_pb_column et_pb_column_1_4 et_block_column et_pb_css_mix_blend_mode_passthrough\"><div class=\"et_pb_image_1 et_pb_image et_pb_module et_block_module\"><span class=\"et_pb_image_wrap\"><img loading=\"lazy\" decoding=\"async\" src=\"https:\/\/esuna.alandalusia.es\/wp-content\/uploads\/sites\/5\/2022\/03\/Aicha-Fernandez-Marin-esuna.jpg\" width=\"784\" height=\"790\" srcset=\"https:\/\/esuna.alandalusia.es\/wp-content\/uploads\/sites\/5\/2022\/03\/Aicha-Fernandez-Marin-esuna.jpg 784w, https:\/\/esuna.alandalusia.es\/wp-content\/uploads\/sites\/5\/2022\/03\/Aicha-Fernandez-Marin-esuna-480x484.jpg 480w\" sizes=\"(min-width: 0px) and (max-width: 480px) 480px, (min-width: 481px) 784px, 100vw\" class=\"wp-image-224\" title=\"Aicha Fernandez Marin esuna\" \/><\/span><\/div><div class=\"et_pb_text_5 et_pb_text et_pb_bg_layout_light et_pb_module et_block_module et_pb_text_align_center\"><div class=\"et_pb_text_inner\"><h4 class=\"et_pb_module_header et-fb-editable-element et-fb-editable-element__editing\" data-shortcode-id=\"3.1.0.0-1648260185297\" data-quickaccess-id=\"header\" contenteditable=\"true\">Aicha Fernandez Marin<\/h4>\n<\/div><\/div><\/div><div class=\"et_pb_column_5 et_pb_column et_pb_column_3_4 et-last-child et_block_column et_pb_css_mix_blend_mode_passthrough\"><div class=\"et_pb_text_6 et_pb_text et_pb_bg_layout_light et_pb_module et_block_module et_pb_text_align_justified\"><div class=\"et_pb_text_inner\"><h3>Arqueolog\u00eda \/ Historia<\/h3>\n<p>En la actualidad, la arqueolog\u00eda es considerada una ciencia hist\u00f3rica aut\u00f3noma;\u200b es decir ser\u00eda una de las distintas disciplinas hist\u00f3ricas. Su principal objetivo es el estudio de los cambios en la organizaci\u00f3n social, as\u00ed como la diversidad del comportamiento humano (econ\u00f3mico, pol\u00edtico, ideol\u00f3gico) en el pasado.<\/p>\n<\/div><\/div><\/div><\/div><div class=\"et_pb_row_4 et_pb_row et_block_row\"><div class=\"et_pb_column_6 et_pb_column et_pb_column_4_4 et-last-child et_block_column et_pb_css_mix_blend_mode_passthrough\"><div class=\"et_pb_text_7 et_pb_text et_pb_bg_layout_light et_pb_module et_block_module et_pb_text_align_center\"><div class=\"et_pb_text_inner\"><h3>Ciencias<\/h3>\n<\/div><\/div><\/div><\/div><div class=\"et_pb_row_5 et_pb_row et_pb_row_1-4_3-4 et_block_row et_block_row_1-4_3-4 et_animated\"><div class=\"et_pb_column_7 et_pb_column et_pb_column_1_4 et_block_column et_pb_css_mix_blend_mode_passthrough\"><div class=\"et_pb_image_2 et_pb_image et_pb_module et_block_module\"><span class=\"et_pb_image_wrap\"><img loading=\"lazy\" decoding=\"async\" src=\"https:\/\/esuna.alandalusia.es\/wp-content\/uploads\/sites\/5\/2022\/03\/Ismain-Perera-Mohamed.jpg\" width=\"784\" height=\"790\" srcset=\"https:\/\/esuna.alandalusia.es\/wp-content\/uploads\/sites\/5\/2022\/03\/Ismain-Perera-Mohamed.jpg 784w, https:\/\/esuna.alandalusia.es\/wp-content\/uploads\/sites\/5\/2022\/03\/Ismain-Perera-Mohamed-480x484.jpg 480w\" sizes=\"(min-width: 0px) and (max-width: 480px) 480px, (min-width: 481px) 784px, 100vw\" class=\"wp-image-214\" title=\"Isma\u00edn Perera Mohamed esuna\" alt=\"Isma\u00edn Perera Mohamed esuna\" \/><\/span><\/div><div class=\"et_pb_text_8 et_pb_text et_pb_bg_layout_light et_pb_module et_block_module et_pb_text_align_center\"><div class=\"et_pb_text_inner\"><h4 class=\"et_pb_module_header et-fb-editable-element et-fb-editable-element__editing\" data-shortcode-id=\"3.1.0.0-1648260185297\" data-quickaccess-id=\"header\" contenteditable=\"true\">Isma\u00edn Perera Mohamed<\/h4>\n<\/div><\/div><\/div><div class=\"et_pb_column_8 et_pb_column et_pb_column_3_4 et-last-child et_block_column et_pb_css_mix_blend_mode_passthrough\"><div class=\"et_pb_text_9 et_pb_text et_pb_bg_layout_light et_pb_module et_block_module et_pb_text_align_justified\"><div class=\"et_pb_text_inner\"><h3>Qu\u00edmica<\/h3>\n<p>La Qu\u00edmica es la ciencia que estudia la materia, la energ\u00eda y sus cambios. El objeto de estudio de la Qu\u00edmica son las sustancias y sus interacciones. La Qu\u00edmica es la ciencia de las sustancias.<\/p>\n<\/div><\/div><\/div><\/div><div class=\"et_pb_row_6 et_pb_row et_block_row\"><div class=\"et_pb_column_9 et_pb_column et_pb_column_4_4 et-last-child et_block_column et_pb_css_mix_blend_mode_passthrough\"><div class=\"et_pb_text_10 et_pb_text et_pb_bg_layout_light et_pb_module et_block_module et_pb_text_align_center\"><div class=\"et_pb_text_inner\"><h3>Ciencias Jur\u00eddicas<\/h3>\n<\/div><\/div><\/div><\/div><div class=\"et_pb_row_7 et_pb_row et_pb_row_1-4_3-4 et_block_row et_block_row_1-4_3-4 et_animated\"><div class=\"et_pb_column_10 et_pb_column et_pb_column_1_4 et_block_column et_pb_css_mix_blend_mode_passthrough\"><div class=\"et_pb_image_3 et_pb_image et_pb_module et_block_module\"><span class=\"et_pb_image_wrap\"><img loading=\"lazy\" decoding=\"async\" src=\"https:\/\/esuna.alandalusia.es\/wp-content\/uploads\/sites\/5\/2022\/03\/Mounir-el-yemlahy-esuna.jpg\" width=\"784\" height=\"790\" srcset=\"https:\/\/esuna.alandalusia.es\/wp-content\/uploads\/sites\/5\/2022\/03\/Mounir-el-yemlahy-esuna.jpg 784w, https:\/\/esuna.alandalusia.es\/wp-content\/uploads\/sites\/5\/2022\/03\/Mounir-el-yemlahy-esuna-480x484.jpg 480w\" sizes=\"(min-width: 0px) and (max-width: 480px) 480px, (min-width: 481px) 784px, 100vw\" class=\"wp-image-217\" title=\"Mounir el yemlahy esuna\" \/><\/span><\/div><div class=\"et_pb_text_11 et_pb_text et_pb_bg_layout_light et_pb_module et_block_module et_pb_text_align_center\"><div class=\"et_pb_text_inner\"><h4 class=\"et_pb_module_header et-fb-editable-element et-fb-editable-element__editing\" data-shortcode-id=\"3.1.0.0-1648260185297\" data-quickaccess-id=\"header\" contenteditable=\"true\">Mounir el yemlahy<\/h4>\n<\/div><\/div><\/div><div class=\"et_pb_column_11 et_pb_column et_pb_column_3_4 et-last-child et_block_column et_pb_css_mix_blend_mode_passthrough\"><div class=\"et_pb_text_12 et_pb_text et_pb_bg_layout_light et_pb_module et_block_module et_pb_text_align_justified\"><div class=\"et_pb_text_inner\"><h3>Derecho<\/h3>\n<p>El derecho es una ciencia pr\u00e1ctica que tiene por objeto discernir cual es la conducta adecuada para alcanzar, en una determinada relaci\u00f3n, la justicia. Es, en otras palabras, una ciencia pr\u00e1ctica que define lo que es justo en las relaciones interhumanas, y especial- mente, lo justo en casos concretos.<\/p>\n<\/div><\/div><\/div><\/div><div class=\"et_pb_row_8 et_pb_row et_block_row\"><div class=\"et_pb_column_12 et_pb_column et_pb_column_4_4 et-last-child et_block_column et_pb_css_mix_blend_mode_passthrough\"><div class=\"et_pb_text_13 et_pb_text et_pb_bg_layout_light et_pb_module et_block_module et_pb_text_align_center\"><div class=\"et_pb_text_inner\"><h3>Ciencias de la Salud<\/h3>\n<\/div><\/div><\/div><\/div><div class=\"et_pb_row_9 et_pb_row et_pb_row_1-4_3-4 et_block_row et_block_row_1-4_3-4 et_animated\"><div class=\"et_pb_column_13 et_pb_column et_pb_column_1_4 et_block_column et_pb_css_mix_blend_mode_passthrough\"><div class=\"et_pb_image_4 et_pb_image et_pb_module et_block_module\"><span class=\"et_pb_image_wrap\"><img loading=\"lazy\" decoding=\"async\" src=\"https:\/\/esuna.alandalusia.es\/wp-content\/uploads\/sites\/5\/2022\/03\/Noha-El-Haddad-Boufares-esuna.jpg\" width=\"784\" height=\"790\" srcset=\"https:\/\/esuna.alandalusia.es\/wp-content\/uploads\/sites\/5\/2022\/03\/Noha-El-Haddad-Boufares-esuna.jpg 784w, https:\/\/esuna.alandalusia.es\/wp-content\/uploads\/sites\/5\/2022\/03\/Noha-El-Haddad-Boufares-esuna-480x484.jpg 480w\" sizes=\"(min-width: 0px) and (max-width: 480px) 480px, (min-width: 481px) 784px, 100vw\" class=\"wp-image-225\" title=\"Noha El-Haddad Boufares esuna\" alt=\"Noha El-Haddad Boufares esuna\" \/><\/span><\/div><div class=\"et_pb_text_14 et_pb_text et_pb_bg_layout_light et_pb_module et_block_module et_pb_text_align_center\"><div class=\"et_pb_text_inner\"><h4 class=\"et_pb_module_header et-fb-editable-element et-fb-editable-element__editing\" data-shortcode-id=\"3.1.0.0-1648260185297\" data-quickaccess-id=\"header\" contenteditable=\"true\">Noha El-Haddad Boufares<\/h4>\n<\/div><\/div><\/div><div class=\"et_pb_column_14 et_pb_column et_pb_column_3_4 et-last-child et_block_column et_pb_css_mix_blend_mode_passthrough\"><div class=\"et_pb_text_15 et_pb_text et_pb_bg_layout_light et_pb_module et_block_module et_pb_text_align_justified\"><div class=\"et_pb_text_inner\"><h3>Medicina<\/h3>\n<p>La medicina ha sido definida corrientemente como \"la ciencia que tiene por objeto la conservaci\u00f3n y el restablecimiento de la salud\" (2), o \"el arte de prevenir, cuidar y asistir en la curaci\u00f3n de la enfermedad\" (3), o finalmente, \"la ciencia de curar y precaver las enfermedades\" (4).<\/p>\n<\/div><\/div><\/div><\/div><div class=\"et_pb_row_10 et_pb_row et_block_row\"><div class=\"et_pb_column_15 et_pb_column et_pb_column_4_4 et-last-child et_block_column et_pb_css_mix_blend_mode_passthrough\"><div class=\"et_pb_text_16 et_pb_text et_pb_bg_layout_light et_pb_module et_block_module et_pb_text_align_center\"><div class=\"et_pb_text_inner\"><h3>Ciencias Sociales<\/h3>\n<\/div><\/div><\/div><\/div><div class=\"et_pb_row_11 et_pb_row et_pb_row_1-4_3-4 et_block_row et_block_row_1-4_3-4 et_animated\"><div class=\"et_pb_column_16 et_pb_column et_pb_column_1_4 et_block_column et_pb_css_mix_blend_mode_passthrough\"><div class=\"et_pb_image_5 et_pb_image et_pb_module et_block_module\"><span class=\"et_pb_image_wrap\"><img loading=\"lazy\" decoding=\"async\" src=\"https:\/\/esuna.alandalusia.es\/wp-content\/uploads\/sites\/5\/2022\/03\/Aicha-El-Mealem.jpg\" width=\"784\" height=\"790\" srcset=\"https:\/\/esuna.alandalusia.es\/wp-content\/uploads\/sites\/5\/2022\/03\/Aicha-El-Mealem.jpg 784w, https:\/\/esuna.alandalusia.es\/wp-content\/uploads\/sites\/5\/2022\/03\/Aicha-El-Mealem-480x484.jpg 480w\" sizes=\"(min-width: 0px) and (max-width: 480px) 480px, (min-width: 481px) 784px, 100vw\" class=\"wp-image-216\" title=\"Aicha El Mealem esuna\" alt=\"Aicha El Mealem esuna\" \/><\/span><\/div><div class=\"et_pb_text_17 et_pb_text et_pb_bg_layout_light et_pb_module et_block_module et_pb_text_align_center\"><div class=\"et_pb_text_inner\"><h4 class=\"et_pb_module_header et-fb-editable-element et-fb-editable-element__editing\" data-shortcode-id=\"3.1.0.0-1648260185297\" data-quickaccess-id=\"header\" contenteditable=\"true\">Aicha El Mealem<\/h4>\n<\/div><\/div><\/div><div class=\"et_pb_column_17 et_pb_column et_pb_column_3_4 et-last-child et_block_column et_pb_css_mix_blend_mode_passthrough\"><div class=\"et_pb_text_18 et_pb_text et_pb_bg_layout_light et_pb_module et_block_module et_pb_text_align_justified\"><div class=\"et_pb_text_inner\"><h3>Antropolog\u00eda<\/h3>\n<p>La antropolog\u00eda estudia a la humanidad, sus sociedades del presente y del pasado, as\u00ed como las diversas culturas y formas de organizaci\u00f3n e interacci\u00f3n social que ha creado.<\/p>\n<\/div><\/div><\/div><\/div><div class=\"et_pb_row_12 et_pb_row et_block_row\"><div class=\"et_pb_column_18 et_pb_column et_pb_column_4_4 et-last-child et_block_column et_pb_css_mix_blend_mode_passthrough\"><div class=\"et_pb_text_19 et_pb_text et_pb_bg_layout_light et_pb_module et_block_module et_pb_text_align_center\"><div class=\"et_pb_text_inner\"><h3>Ingenier\u00eda y Arquitectura<\/h3>\n<\/div><\/div><\/div><\/div><div class=\"et_pb_row_13 et_pb_row et_pb_row_1-4_3-4 et_block_row et_block_row_1-4_3-4 et_animated\"><div class=\"et_pb_column_19 et_pb_column et_pb_column_1_4 et_block_column et_pb_css_mix_blend_mode_passthrough\"><div class=\"et_pb_image_6 et_pb_image et_pb_module et_block_module\"><span class=\"et_pb_image_wrap\"><img decoding=\"async\" src=\"https:\/\/esuna.alandalusia.es\/wp-content\/uploads\/sites\/5\/2022\/03\/Mounir-el-yemlahy-1.jpg\" title=\"Mounir el yemlahy\" \/><\/span><\/div><div class=\"et_pb_text_20 et_pb_text et_pb_bg_layout_light et_pb_module et_block_module et_pb_text_align_center\"><div class=\"et_pb_text_inner\"><h4 class=\"et_pb_module_header et-fb-editable-element et-fb-editable-element__editing\" data-shortcode-id=\"3.1.0.0-1648260185297\" data-quickaccess-id=\"header\" contenteditable=\"true\">Khaled<\/h4>\n<\/div><\/div><\/div><div class=\"et_pb_column_20 et_pb_column et_pb_column_3_4 et-last-child et_block_column et_pb_css_mix_blend_mode_passthrough\"><div class=\"et_pb_text_21 et_pb_text et_pb_bg_layout_light et_pb_module et_block_module et_pb_text_align_justified\"><div class=\"et_pb_text_inner\"><h3>Ingenier\u00eda Civil<\/h3>\n<p>La Ingenier\u00eda Civil es la rama que se encarga del dise\u00f1o, construcci\u00f3n y mantenimiento de infraestructuras como carreteras, ferrocarriles, puentes, canales, presas, puertos, aeropuertos y dem\u00e1s, las cuales transformar\u00e1n las ciudades.<\/p>\n<\/div><\/div><\/div><\/div><div class=\"et_pb_row_14 et_pb_row et_pb_row_1-4_3-4 et_block_row et_block_row_1-4_3-4 et_animated\"><div class=\"et_pb_column_21 et_pb_column et_pb_column_1_4 et_block_column et_pb_css_mix_blend_mode_passthrough\"><div class=\"et_pb_image_7 et_pb_image et_pb_module et_block_module\"><span class=\"et_pb_image_wrap\"><img loading=\"lazy\" decoding=\"async\" src=\"https:\/\/esuna.alandalusia.es\/wp-content\/uploads\/sites\/5\/2022\/03\/Dina-Abselam-Ali.jpeg\" width=\"784\" height=\"790\" srcset=\"https:\/\/esuna.alandalusia.es\/wp-content\/uploads\/sites\/5\/2022\/03\/Dina-Abselam-Ali.jpeg 784w, https:\/\/esuna.alandalusia.es\/wp-content\/uploads\/sites\/5\/2022\/03\/Dina-Abselam-Ali-480x484.jpeg 480w\" sizes=\"(min-width: 0px) and (max-width: 480px) 480px, (min-width: 481px) 784px, 100vw\" class=\"wp-image-139\" title=\"Dina Abselam Ali\" \/><\/span><\/div><div class=\"et_pb_text_22 et_pb_text et_pb_bg_layout_light et_pb_module et_block_module et_pb_text_align_center\"><div class=\"et_pb_text_inner\"><h4 class=\"et_pb_module_header et-fb-editable-element et-fb-editable-element__editing\" data-shortcode-id=\"3.1.0.0-1648260185297\" data-quickaccess-id=\"header\" contenteditable=\"true\">Dina Abselam Ali<\/h4>\n<\/div><\/div><\/div><div class=\"et_pb_column_22 et_pb_column et_pb_column_3_4 et-last-child et_block_column et_pb_css_mix_blend_mode_passthrough\"><div class=\"et_pb_text_23 et_pb_text et_pb_bg_layout_light et_pb_module et_block_module et_pb_text_align_justified\"><div class=\"et_pb_text_inner\"><h3>Arquitectura T\u00e9cnica<\/h3>\n<p>Las T\u00e9cnicas de Construcci\u00f3n son un conjunto de procedimientos o recursos implementados en los procesos de edificaci\u00f3n, fabricaci\u00f3n y desarrollo de una obra de ingenier\u00eda o arquitectura. Las T\u00e9cnicas de Construcci\u00f3n var\u00edan desde t\u00e9cnicas tradicionales, naturales, antisismicas, entre otras.<\/p>\n<\/div><\/div><\/div><\/div><\/div><div class=\"et_pb_section_2 et_pb_section et_section_regular et_block_section\"><div class=\"et_pb_row_15 et_pb_row et_block_row\"><div class=\"et_pb_column_23 et_pb_column et_pb_column_1_2 et_block_column et_pb_css_mix_blend_mode_passthrough\"><div class=\"et_pb_text_24 et_pb_text et_pb_bg_layout_light et_pb_module et_block_module\"><div class=\"et_pb_text_inner\"><h2>Love YogA?<\/h2>\n<\/div><\/div><div class=\"et_pb_text_25 et_pb_text et_pb_bg_layout_dark et_pb_module et_block_module\"><div class=\"et_pb_text_inner\"><h3>Become a Member and Get Discounts & Priority Registration for Any Class<\/h3>\n<\/div><\/div><div class=\"et_pb_text_26 et_pb_text et_pb_bg_layout_dark et_pb_module et_block_module\"><div class=\"et_pb_text_inner\"><p>Perspiciatis unde omnis iste natus sit voluptatem accusantium doloremque laudantium, totam rem aperiam, eaque ipsa quae. Ab illo inventore veritatis et quasi architecto beatae vitae dicta sunt explicabo.Nemo enim ipsam voluptatem quia voluptas sit aspernatur aut odit aut fugit, sed quia<\/p>\n<\/div><\/div><div class=\"et_pb_module et_pb_button_module_wrapper et_pb_button_0_wrapper\"><a class=\"et_pb_button_0 et_pb_button et_pb_bg_layout_dark et_pb_module et_block_module\" href=\"\">Become a Member<\/a><\/div><\/div><div class=\"et_pb_column_24 et_pb_column et_pb_column_1_2 et-last-child et_block_column et_pb_css_mix_blend_mode_passthrough\"><div class=\"et_pb_image_8 et_pb_image et_animated et_pb_module et_block_module\"><span class=\"et_pb_image_wrap\"><img decoding=\"async\" src=\"https:\/\/esuna.alandalusia.es\/wp-content\/uploads\/sites\/5\/2022\/03\/yoga-06-1.png\" \/><\/span><\/div><\/div><\/div><\/div>","protected":false},"excerpt":{"rendered":"","protected":false},"author":2,"featured_media":0,"parent":0,"menu_order":0,"comment_status":"closed","ping_status":"closed","template":"","meta":{"footnotes":""},"class_list":["post-108","page","type-page","status-publish","hentry"],"_links":{"self":[{"href":"https:\/\/esuna.alandalusia.es\/en\/wp-json\/wp\/v2\/pages\/108","targetHints":{"allow":["GET"]}}],"collection":[{"href":"https:\/\/esuna.alandalusia.es\/en\/wp-json\/wp\/v2\/pages"}],"about":[{"href":"https:\/\/esuna.alandalusia.es\/en\/wp-json\/wp\/v2\/types\/page"}],"author":[{"embeddable":true,"href":"https:\/\/esuna.alandalusia.es\/en\/wp-json\/wp\/v2\/users\/2"}],"replies":[{"embeddable":true,"href":"https:\/\/esuna.alandalusia.es\/en\/wp-json\/wp\/v2\/comments?post=108"}],"version-history":[{"count":2,"href":"https:\/\/esuna.alandalusia.es\/en\/wp-json\/wp\/v2\/pages\/108\/revisions"}],"predecessor-version":[{"id":309,"href":"https:\/\/esuna.alandalusia.es\/en\/wp-json\/wp\/v2\/pages\/108\/revisions\/309"}],"wp:attachment":[{"href":"https:\/\/esuna.alandalusia.es\/en\/wp-json\/wp\/v2\/media?parent=108"}],"curies":[{"name":"wp","href":"https:\/\/api.w.org\/{rel}","templated":true}]}}